{"id":18,"date":"2023-06-30T17:45:56","date_gmt":"2023-06-30T17:45:56","guid":{"rendered":"https:\/\/staging.websites.mapbiomas.org\/?page_id=18"},"modified":"2023-06-30T18:21:29","modified_gmt":"2023-06-30T18:21:29","slug":"o-projeto","status":"publish","type":"page","link":"https:\/\/sites.mapbiomas.org\/en\/conheca-o-mapbiomas\/o-projeto\/","title":{"rendered":"O Projeto"},"content":{"rendered":"<h3 class=\"wp-block-heading\">O QUE \u00c9 O MAPBIOMAS ALERTA<\/h3>\n\n\n\n<h4 class=\"wp-block-heading\"><strong>O PROJETO<\/strong><\/h4>\n\n\n\n<p>O MapBiomas \u00e9 uma rede colaborativa, formada por ONGs, universidades e startups de tecnologia, que revela as transforma\u00e7\u00f5es do territ\u00f3rio brasileiro, por meio da ci\u00eancia, tornando acess\u00edvel o conhecimento sobre o uso da terra, a fim de buscar a conserva\u00e7\u00e3o e combater as mudan\u00e7as clim\u00e1ticas. Produz mapeamento anual da cobertura e uso da terra desde 1985, valida e elabora relat\u00f3rios para cada evento de desmatamento detectado no Brasil desde janeiro de 2019 e monitora a superf\u00edcie de \u00e1gua e cicatrizes de fogo mensalmente desde 1985.<\/p>\n\n\n\n<h4 class=\"wp-block-heading\"><strong>ORIGEM<\/strong><\/h4>\n\n\n\n<p>O Projeto de Mapeamento Anual do Uso e Cobertura da Terra no Brasil (MapBiomas) nasceu em um semin\u00e1rio realizado em mar\u00e7o de 2015 onde especialistas em sensoriamento remoto e mapeamento de vegeta\u00e7\u00e3o se reuniram em S\u00e3o Paulo a convite do SEEG\/OC para responder \u00e0 seguinte pergunta: \u00c9 poss\u00edvel produzir mapas anuais de uso e cobertura da terra para todo o Brasil de forma significativamente mais barata, r\u00e1pida e atualizada, comparativamente aos m\u00e9todos e pr\u00e1ticas atuais, e que possibilitem recuperar o hist\u00f3rico das \u00faltimas d\u00e9cadas?<\/p>\n\n\n\n<p>A resposta foi afirmativa, desde que houvesse uma capacidade de processamento sem precedentes e um alto grau de automatiza\u00e7\u00e3o do processo, al\u00e9m da participa\u00e7\u00e3o de uma comunidade de especialistas em cada bioma e temas transversais.<\/p>\n\n\n\n<p>A partir deste diagn\u00f3stico foi estabelecido um contato com a Google que gerou um termo de coopera\u00e7\u00e3o t\u00e9cnica para desenvolver a iniciativa tendo como base a plataforma Google Earth Engine. Especificamente, o projeto teve in\u00edcio em julho de 2015 com um treinamento da equipe do MapBiomas sobre o Google Earth Engine em Mountain View, Calif\u00f3rnia.<\/p>\n\n\n\n<h4 class=\"wp-block-heading\"><strong>PROP\u00d3SITO<\/strong><\/h4>\n\n\n\n<p>Contribuir para o entendimento da din\u00e2mica do uso do solo no Brasil e em outros pa\u00edses tropicais tendo como base:<\/p>\n\n\n\n<p>Desenvolvimento e implementa\u00e7\u00e3o de uma metodologia r\u00e1pida, confi\u00e1vel e de baixo custo para gerar mapas anuais de cobertura e uso do solo do Brasil a partir de 1985 at\u00e9 os dias atuais (e posterior atualiza\u00e7\u00e3o anual).<br>Cria\u00e7\u00e3o de uma plataforma para facilitar a dissemina\u00e7\u00e3o da metodologia para outros pa\u00edses e regi\u00f5es interessadas utilizando a mesma base de algoritmos.<br>Estabelecer uma rede colaborativa de especialistas nos biomas brasileiros para o mapeamento da cobertura do solo e da sua din\u00e2mica de mudan\u00e7as.<\/p>\n\n\n\n<h4 class=\"wp-block-heading\"><strong>CARACTER\u00cdSTICAS DA INICIATIVA<\/strong><\/h4>\n\n\n\n<p>Trabalho em Rede com institui\u00e7\u00f5es respons\u00e1veis por diferentes biomas e temas transversais para otimizar as solu\u00e7\u00f5es.<br>Processamento distribu\u00eddo e automatizado dos dados atrav\u00e9s de parceria com Google Earth Engine.<br>Trabalho orientado para gerar uma plataforma aberta, multiplic\u00e1vel e com possibilidade de aplica\u00e7\u00e3o em outros pa\u00edses e contextos.<br>Plataforma colaborativa \u2013 desenhada para incorporar e acolher as contribui\u00e7\u00f5es da comunidade cient\u00edfica e demais interessados em colaborar.<\/p>","protected":false},"excerpt":{"rendered":"<p>O QUE \u00c9 O MAPBIOMAS ALERTA O PROJETO O MapBiomas \u00e9 uma rede colaborativa, formada por ONGs, universidades e startups de tecnologia, que revela as transforma\u00e7\u00f5es do territ\u00f3rio brasileiro, por meio da ci\u00eancia, tornando acess\u00edvel o conhecimento sobre o uso da terra, a fim de buscar a conserva\u00e7\u00e3o e combater as mudan\u00e7as clim\u00e1ticas. Produz mapeamento [&hellip;]<\/p>","protected":false},"author":3,"featured_media":0,"parent":14,"menu_order":0,"comment_status":"closed","ping_status":"closed","template":"","meta":{"_uag_custom_page_level_css":""},"acf":[],"uagb_featured_image_src":{"full":false,"thumbnail":false,"medium":false,"medium_large":false,"large":false,"1536x1536":false,"2048x2048":false,"trp-custom-language-flag":false,"infographic":false,"team":false},"uagb_author_info":{"display_name":"Rafael Coelho","author_link":"https:\/\/sites.mapbiomas.org\/en\/author\/rafael-coelho\/"},"uagb_comment_info":0,"uagb_excerpt":"O QUE \u00c9 O MAPBIOMAS ALERTA O PROJETO O MapBiomas \u00e9 uma rede colaborativa, formada por ONGs, universidades e startups de tecnologia, que revela as transforma\u00e7\u00f5es do territ\u00f3rio brasileiro, por meio da ci\u00eancia, tornando acess\u00edvel o conhecimento sobre o uso da terra, a fim de buscar a conserva\u00e7\u00e3o e combater as mudan\u00e7as clim\u00e1ticas. Produz mapeamento&hellip;","_links":{"self":[{"href":"https:\/\/sites.mapbiomas.org\/en\/wp-json\/wp\/v2\/pages\/18"}],"collection":[{"href":"https:\/\/sites.mapbiomas.org\/en\/wp-json\/wp\/v2\/pages"}],"about":[{"href":"https:\/\/sites.mapbiomas.org\/en\/wp-json\/wp\/v2\/types\/page"}],"author":[{"embeddable":true,"href":"https:\/\/sites.mapbiomas.org\/en\/wp-json\/wp\/v2\/users\/3"}],"replies":[{"embeddable":true,"href":"https:\/\/sites.mapbiomas.org\/en\/wp-json\/wp\/v2\/comments?post=18"}],"version-history":[{"count":2,"href":"https:\/\/sites.mapbiomas.org\/en\/wp-json\/wp\/v2\/pages\/18\/revisions"}],"predecessor-version":[{"id":59,"href":"https:\/\/sites.mapbiomas.org\/en\/wp-json\/wp\/v2\/pages\/18\/revisions\/59"}],"up":[{"embeddable":true,"href":"https:\/\/sites.mapbiomas.org\/en\/wp-json\/wp\/v2\/pages\/14"}],"wp:attachment":[{"href":"https:\/\/sites.mapbiomas.org\/en\/wp-json\/wp\/v2\/media?parent=18"}],"curies":[{"name":"wp","href":"https:\/\/api.w.org\/{rel}","templated":true}]}}